{"id":18,"date":"2024-01-22T20:54:58","date_gmt":"2024-01-22T19:54:58","guid":{"rendered":"https:\/\/agapehag.fr\/?page_id=18"},"modified":"2024-01-25T11:58:29","modified_gmt":"2024-01-25T10:58:29","slug":"accueil","status":"publish","type":"page","link":"https:\/\/agapehag.fr\/","title":{"rendered":"Accueil"},"content":{"rendered":"\n<h3 class=\"wp-block-heading has-text-align-left\">Bienvenue sur le site de l&rsquo;assembl\u00e9e chr\u00e9tienne Agape Haguenau<\/h3>\n\n\n\n<p class=\"has-text-align-center\"><a href=\"http:\/\/espacearcenciel.fr\" data-type=\"link\" data-id=\"espacearcenciel.fr\">Page en travaux : Rejoignez nous sur notre site Espace Arc en Ciel<\/a><\/p>\n\n\n\n<figure data-wp-context=\"{&quot;imageId&quot;:&quot;69fb2edb0cfd7&quot;}\" data-wp-interactive=\"core\/image\" data-wp-key=\"69fb2edb0cfd7\" class=\"wp-block-image size-large is-resized wp-lightbox-container\"><img loading=\"lazy\" decoding=\"async\" width=\"830\" height=\"1024\" data-wp-class--hide=\"state.isContentHidden\" data-wp-class--show=\"state.isContentVisible\" data-wp-init=\"callbacks.setButtonStyles\" data-wp-on--click=\"actions.showLightbox\" data-wp-on--load=\"callbacks.setButtonStyles\" data-wp-on-window--resize=\"callbacks.setButtonStyles\" src=\"https:\/\/agapehag.fr\/wp-content\/uploads\/2024\/01\/en-travaux-1-830x1024.png\" alt=\"\" class=\"wp-image-30\" style=\"aspect-ratio:1.3333333333333333;object-fit:contain;width:726px;height:auto\" srcset=\"https:\/\/agapehag.fr\/wp-content\/uploads\/2024\/01\/en-travaux-1-830x1024.png 830w, https:\/\/agapehag.fr\/wp-content\/uploads\/2024\/01\/en-travaux-1-243x300.png 243w, https:\/\/agapehag.fr\/wp-content\/uploads\/2024\/01\/en-travaux-1-768x947.png 768w, https:\/\/agapehag.fr\/wp-content\/uploads\/2024\/01\/en-travaux-1.png 1038w\" sizes=\"auto, (max-width: 830px) 100vw, 830px\" \/><button\n\t\t\tclass=\"lightbox-trigger\"\n\t\t\ttype=\"button\"\n\t\t\taria-haspopup=\"dialog\"\n\t\t\taria-label=\"Agrandir\"\n\t\t\tdata-wp-init=\"callbacks.initTriggerButton\"\n\t\t\tdata-wp-on--click=\"actions.showLightbox\"\n\t\t\tdata-wp-style--right=\"state.imageButtonRight\"\n\t\t\tdata-wp-style--top=\"state.imageButtonTop\"\n\t\t>\n\t\t\t<svg xmlns=\"http:\/\/www.w3.org\/2000\/svg\" width=\"12\" height=\"12\" fill=\"none\" viewBox=\"0 0 12 12\">\n\t\t\t\t<path fill=\"#fff\" d=\"M2 0a2 2 0 0 0-2 2v2h1.5V2a.5.5 0 0 1 .5-.5h2V0H2Zm2 10.5H2a.5.5 0 0 1-.5-.5V8H0v2a2 2 0 0 0 2 2h2v-1.5ZM8 12v-1.5h2a.5.5 0 0 0 .5-.5V8H12v2a2 2 0 0 1-2 2H8Zm2-12a2 2 0 0 1 2 2v2h-1.5V2a.5.5 0 0 0-.5-.5H8V0h2Z\" \/>\n\t\t\t<\/svg>\n\t\t<\/button><\/figure>\n\n\n\n<div class=\"wp-block-group is-vertical is-layout-flex wp-container-core-group-is-layout-8cf370e7 wp-block-group-is-layout-flex\">\n<h6 class=\"wp-block-heading has-neve-link-color-color has-nv-light-bg-background-color has-text-color has-background has-link-color wp-elements-1951cca747c4f3687739650b5c3c5ae6\">\u00ab\u00a0Car je connais les projets que j\u2019ai form\u00e9s sur vous, dit l\u2019Eternel, projets de paix et non de malheur, afin de vous donner un avenir et de l\u2019esp\u00e9rance.\u00a0\u00bb  <kbd><sup><sub>La bible, livre du proph\u00e8te J\u00e9r\u00e9mie chap.29 verset 11<\/sub><\/sup><\/kbd><\/h6>\n\n\n\n<p><\/p>\n<\/div>\n\n\n\n<p><\/p>\n","protected":false},"excerpt":{"rendered":"<p>Bienvenue sur le site de l&rsquo;assembl\u00e9e chr\u00e9tienne Agape Haguenau Page en travaux : Rejoignez nous sur notre site Espace Arc en Ciel \u00ab\u00a0Car je connais les projets que j\u2019ai form\u00e9s sur vous, dit l\u2019Eternel, projets de paix et non de malheur, afin de vous donner un avenir et de l\u2019esp\u00e9rance.\u00a0\u00bb La bible, livre du proph\u00e8te&hellip;&nbsp;<\/p>\n","protected":false},"author":4,"featured_media":0,"parent":0,"menu_order":0,"comment_status":"closed","ping_status":"closed","template":"","meta":{"neve_meta_sidebar":"","neve_meta_container":"contained","neve_meta_enable_content_width":"","neve_meta_content_width":0,"neve_meta_title_alignment":"","neve_meta_author_avatar":"","neve_post_elements_order":"","neve_meta_disable_header":"","neve_meta_disable_footer":"","neve_meta_disable_title":"","footnotes":""},"class_list":["post-18","page","type-page","status-publish","hentry"],"yoast_head":"<!-- This site is optimized with the Yoast SEO plugin v27.5 - https:\/\/yoast.com\/product\/yoast-seo-wordpress\/ -->\n<title>Accueil - Agape Haguenau<\/title>\n<meta name=\"robots\" content=\"index, follow, max-snippet:-1, max-image-preview:large, max-video-preview:-1\" \/>\n<link rel=\"canonical\" href=\"https:\/\/agapehag.fr\/\" \/>\n<meta property=\"og:locale\" content=\"fr_FR\" \/>\n<meta property=\"og:type\" content=\"article\" \/>\n<meta property=\"og:title\" content=\"Accueil - Agape Haguenau\" \/>\n<meta property=\"og:description\" content=\"Bienvenue sur le site de l&rsquo;assembl\u00e9e chr\u00e9tienne Agape Haguenau Page en travaux : Rejoignez nous sur notre site Espace Arc en Ciel \u00ab\u00a0Car je connais les projets que j\u2019ai form\u00e9s sur vous, dit l\u2019Eternel, projets de paix et non de malheur, afin de vous donner un avenir et de l\u2019esp\u00e9rance.\u00a0\u00bb La bible, livre du proph\u00e8te&hellip;&nbsp;\" \/>\n<meta property=\"og:url\" content=\"https:\/\/agapehag.fr\/\" \/>\n<meta property=\"og:site_name\" content=\"Agape Haguenau\" \/>\n<meta property=\"article:modified_time\" content=\"2024-01-25T10:58:29+00:00\" \/>\n<meta property=\"og:image\" content=\"https:\/\/agapehag.fr\/wp-content\/uploads\/2024\/01\/en-travaux-1-830x1024.png\" \/>\n<meta name=\"twitter:card\" content=\"summary_large_image\" \/>\n<meta name=\"twitter:label1\" content=\"Dur\u00e9e de lecture estim\u00e9e\" \/>\n\t<meta name=\"twitter:data1\" content=\"1 minute\" \/>\n<script type=\"application\/ld+json\" class=\"yoast-schema-graph\">{\"@context\":\"https:\\\/\\\/schema.org\",\"@graph\":[{\"@type\":\"WebPage\",\"@id\":\"https:\\\/\\\/agapehag.fr\\\/\",\"url\":\"https:\\\/\\\/agapehag.fr\\\/\",\"name\":\"Accueil - Agape Haguenau\",\"isPartOf\":{\"@id\":\"https:\\\/\\\/agapehag.fr\\\/#website\"},\"primaryImageOfPage\":{\"@id\":\"https:\\\/\\\/agapehag.fr\\\/#primaryimage\"},\"image\":{\"@id\":\"https:\\\/\\\/agapehag.fr\\\/#primaryimage\"},\"thumbnailUrl\":\"https:\\\/\\\/agapehag.fr\\\/wp-content\\\/uploads\\\/2024\\\/01\\\/en-travaux-1-830x1024.png\",\"datePublished\":\"2024-01-22T19:54:58+00:00\",\"dateModified\":\"2024-01-25T10:58:29+00:00\",\"breadcrumb\":{\"@id\":\"https:\\\/\\\/agapehag.fr\\\/#breadcrumb\"},\"inLanguage\":\"fr-FR\",\"potentialAction\":[{\"@type\":\"ReadAction\",\"target\":[\"https:\\\/\\\/agapehag.fr\\\/\"]}]},{\"@type\":\"ImageObject\",\"inLanguage\":\"fr-FR\",\"@id\":\"https:\\\/\\\/agapehag.fr\\\/#primaryimage\",\"url\":\"https:\\\/\\\/agapehag.fr\\\/wp-content\\\/uploads\\\/2024\\\/01\\\/en-travaux-1.png\",\"contentUrl\":\"https:\\\/\\\/agapehag.fr\\\/wp-content\\\/uploads\\\/2024\\\/01\\\/en-travaux-1.png\",\"width\":1038,\"height\":1280},{\"@type\":\"BreadcrumbList\",\"@id\":\"https:\\\/\\\/agapehag.fr\\\/#breadcrumb\",\"itemListElement\":[{\"@type\":\"ListItem\",\"position\":1,\"name\":\"Accueil\",\"item\":\"https:\\\/\\\/agapehag.fr\\\/\"},{\"@type\":\"ListItem\",\"position\":2,\"name\":\"Accueil\"}]},{\"@type\":\"WebSite\",\"@id\":\"https:\\\/\\\/agapehag.fr\\\/#website\",\"url\":\"https:\\\/\\\/agapehag.fr\\\/\",\"name\":\"Agape Haguenau\",\"description\":\"Un Avenir et une Esp\u00e9rance\",\"publisher\":{\"@id\":\"https:\\\/\\\/agapehag.fr\\\/#organization\"},\"potentialAction\":[{\"@type\":\"SearchAction\",\"target\":{\"@type\":\"EntryPoint\",\"urlTemplate\":\"https:\\\/\\\/agapehag.fr\\\/?s={search_term_string}\"},\"query-input\":{\"@type\":\"PropertyValueSpecification\",\"valueRequired\":true,\"valueName\":\"search_term_string\"}}],\"inLanguage\":\"fr-FR\"},{\"@type\":\"Organization\",\"@id\":\"https:\\\/\\\/agapehag.fr\\\/#organization\",\"name\":\"Agape Haguenau\",\"url\":\"https:\\\/\\\/agapehag.fr\\\/\",\"logo\":{\"@type\":\"ImageObject\",\"inLanguage\":\"fr-FR\",\"@id\":\"https:\\\/\\\/agapehag.fr\\\/#\\\/schema\\\/logo\\\/image\\\/\",\"url\":\"https:\\\/\\\/agapehag.fr\\\/wp-content\\\/uploads\\\/2024\\\/01\\\/Logo-2-Agape-Hgn-2.png\",\"contentUrl\":\"https:\\\/\\\/agapehag.fr\\\/wp-content\\\/uploads\\\/2024\\\/01\\\/Logo-2-Agape-Hgn-2.png\",\"width\":710,\"height\":599,\"caption\":\"Agape Haguenau\"},\"image\":{\"@id\":\"https:\\\/\\\/agapehag.fr\\\/#\\\/schema\\\/logo\\\/image\\\/\"}}]}<\/script>\n<!-- \/ Yoast SEO plugin. -->","yoast_head_json":{"title":"Accueil - Agape Haguenau","robots":{"index":"index","follow":"follow","max-snippet":"max-snippet:-1","max-image-preview":"max-image-preview:large","max-video-preview":"max-video-preview:-1"},"canonical":"https:\/\/agapehag.fr\/","og_locale":"fr_FR","og_type":"article","og_title":"Accueil - Agape Haguenau","og_description":"Bienvenue sur le site de l&rsquo;assembl\u00e9e chr\u00e9tienne Agape Haguenau Page en travaux : Rejoignez nous sur notre site Espace Arc en Ciel \u00ab\u00a0Car je connais les projets que j\u2019ai form\u00e9s sur vous, dit l\u2019Eternel, projets de paix et non de malheur, afin de vous donner un avenir et de l\u2019esp\u00e9rance.\u00a0\u00bb La bible, livre du proph\u00e8te&hellip;&nbsp;","og_url":"https:\/\/agapehag.fr\/","og_site_name":"Agape Haguenau","article_modified_time":"2024-01-25T10:58:29+00:00","og_image":[{"url":"https:\/\/agapehag.fr\/wp-content\/uploads\/2024\/01\/en-travaux-1-830x1024.png","type":"","width":"","height":""}],"twitter_card":"summary_large_image","twitter_misc":{"Dur\u00e9e de lecture estim\u00e9e":"1 minute"},"schema":{"@context":"https:\/\/schema.org","@graph":[{"@type":"WebPage","@id":"https:\/\/agapehag.fr\/","url":"https:\/\/agapehag.fr\/","name":"Accueil - Agape Haguenau","isPartOf":{"@id":"https:\/\/agapehag.fr\/#website"},"primaryImageOfPage":{"@id":"https:\/\/agapehag.fr\/#primaryimage"},"image":{"@id":"https:\/\/agapehag.fr\/#primaryimage"},"thumbnailUrl":"https:\/\/agapehag.fr\/wp-content\/uploads\/2024\/01\/en-travaux-1-830x1024.png","datePublished":"2024-01-22T19:54:58+00:00","dateModified":"2024-01-25T10:58:29+00:00","breadcrumb":{"@id":"https:\/\/agapehag.fr\/#breadcrumb"},"inLanguage":"fr-FR","potentialAction":[{"@type":"ReadAction","target":["https:\/\/agapehag.fr\/"]}]},{"@type":"ImageObject","inLanguage":"fr-FR","@id":"https:\/\/agapehag.fr\/#primaryimage","url":"https:\/\/agapehag.fr\/wp-content\/uploads\/2024\/01\/en-travaux-1.png","contentUrl":"https:\/\/agapehag.fr\/wp-content\/uploads\/2024\/01\/en-travaux-1.png","width":1038,"height":1280},{"@type":"BreadcrumbList","@id":"https:\/\/agapehag.fr\/#breadcrumb","itemListElement":[{"@type":"ListItem","position":1,"name":"Accueil","item":"https:\/\/agapehag.fr\/"},{"@type":"ListItem","position":2,"name":"Accueil"}]},{"@type":"WebSite","@id":"https:\/\/agapehag.fr\/#website","url":"https:\/\/agapehag.fr\/","name":"Agape Haguenau","description":"Un Avenir et une Esp\u00e9rance","publisher":{"@id":"https:\/\/agapehag.fr\/#organization"},"potentialAction":[{"@type":"SearchAction","target":{"@type":"EntryPoint","urlTemplate":"https:\/\/agapehag.fr\/?s={search_term_string}"},"query-input":{"@type":"PropertyValueSpecification","valueRequired":true,"valueName":"search_term_string"}}],"inLanguage":"fr-FR"},{"@type":"Organization","@id":"https:\/\/agapehag.fr\/#organization","name":"Agape Haguenau","url":"https:\/\/agapehag.fr\/","logo":{"@type":"ImageObject","inLanguage":"fr-FR","@id":"https:\/\/agapehag.fr\/#\/schema\/logo\/image\/","url":"https:\/\/agapehag.fr\/wp-content\/uploads\/2024\/01\/Logo-2-Agape-Hgn-2.png","contentUrl":"https:\/\/agapehag.fr\/wp-content\/uploads\/2024\/01\/Logo-2-Agape-Hgn-2.png","width":710,"height":599,"caption":"Agape Haguenau"},"image":{"@id":"https:\/\/agapehag.fr\/#\/schema\/logo\/image\/"}}]}},"_links":{"self":[{"href":"https:\/\/agapehag.fr\/index.php\/wp-json\/wp\/v2\/pages\/18","targetHints":{"allow":["GET"]}}],"collection":[{"href":"https:\/\/agapehag.fr\/index.php\/wp-json\/wp\/v2\/pages"}],"about":[{"href":"https:\/\/agapehag.fr\/index.php\/wp-json\/wp\/v2\/types\/page"}],"author":[{"embeddable":true,"href":"https:\/\/agapehag.fr\/index.php\/wp-json\/wp\/v2\/users\/4"}],"replies":[{"embeddable":true,"href":"https:\/\/agapehag.fr\/index.php\/wp-json\/wp\/v2\/comments?post=18"}],"version-history":[{"count":17,"href":"https:\/\/agapehag.fr\/index.php\/wp-json\/wp\/v2\/pages\/18\/revisions"}],"predecessor-version":[{"id":120,"href":"https:\/\/agapehag.fr\/index.php\/wp-json\/wp\/v2\/pages\/18\/revisions\/120"}],"wp:attachment":[{"href":"https:\/\/agapehag.fr\/index.php\/wp-json\/wp\/v2\/media?parent=18"}],"curies":[{"name":"wp","href":"https:\/\/api.w.org\/{rel}","templated":true}]}}